{"id":27231,"date":"2024-10-16T10:15:21","date_gmt":"2024-10-16T08:15:21","guid":{"rendered":"https:\/\/www.hih-invest.de\/imprint\/"},"modified":"2025-06-12T16:21:59","modified_gmt":"2025-06-12T14:21:59","slug":"imprint","status":"publish","type":"page","link":"https:\/\/hih-invest.de\/en\/imprint\/","title":{"rendered":"Imprint"},"content":{"rendered":"\t\t<div data-elementor-type=\"wp-page\" data-elementor-id=\"27231\" class=\"elementor elementor-27231 elementor-21816\" data-elementor-post-type=\"page\">\n\t\t\t\t<div class=\"elementor-element elementor-element-34b954e e-flex e-con-boxed e-con e-parent\" data-id=\"34b954e\" data-element_type=\"container\">\n\t\t\t\t\t<div class=\"e-con-inner\">\n\t\t<div class=\"elementor-element elementor-element-600670a8 e-flex e-con-boxed e-con e-child\" data-id=\"600670a8\" data-element_type=\"container\">\n\t\t\t\t\t<div class=\"e-con-inner\">\n\t\t\t\t<div class=\"elementor-element elementor-element-34c1b8ec elementor-widget elementor-widget-image\" data-id=\"34c1b8ec\" data-element_type=\"widget\" data-widget_type=\"image.default\">\n\t\t\t\t<div class=\"elementor-widget-container\">\n\t\t\t\t\t\t\t\t\t\t\t\t\t\t\t<img fetchpriority=\"high\" decoding=\"async\" width=\"1520\" height=\"700\" src=\"\/wp-content\/uploads\/2024\/08\/hih-datenschutz.webp\" class=\"attachment-full size-full wp-image-22745\" alt=\"\" srcset=\"\/wp-content\/uploads\/2024\/08\/hih-datenschutz.webp 1520w, \/wp-content\/uploads\/2024\/08\/hih-datenschutz-300x138.webp 300w, \/wp-content\/uploads\/2024\/08\/hih-datenschutz-1024x472.webp 1024w, \/wp-content\/uploads\/2024\/08\/hih-datenschutz-768x354.webp 768w\" sizes=\"(max-width: 1520px) 100vw, 1520px\" \/>\t\t\t\t\t\t\t\t\t\t\t\t\t\t\t<\/div>\n\t\t\t\t<\/div>\n\t\t\t\t\t<\/div>\n\t\t\t\t<\/div>\n\t\t<div class=\"elementor-element elementor-element-45a9520 e-con-full elementor-hidden-mobile_extra elementor-hidden-mobile e-flex e-con e-child\" data-id=\"45a9520\" data-element_type=\"container\" data-settings=\"{&quot;background_background&quot;:&quot;classic&quot;}\">\n\t\t\t\t<div class=\"elementor-element elementor-element-7bf93cb5 elementor-widget__width-inherit elementor-hidden-mobile_extra elementor-hidden-mobile elementor-widget elementor-widget-heading\" data-id=\"7bf93cb5\" data-element_type=\"widget\" data-widget_type=\"heading.default\">\n\t\t\t\t<div class=\"elementor-widget-container\">\n\t\t\t\t\t<h1 class=\"elementor-heading-title elementor-size-default\">Imprint<\/h1>\t\t\t\t<\/div>\n\t\t\t\t<\/div>\n\t\t\t\t<div class=\"elementor-element elementor-element-77d9628c elementor-widget__width-inherit elementor-hidden-widescreen elementor-hidden-desktop elementor-hidden-laptop elementor-hidden-tablet_extra elementor-hidden-tablet elementor-widget elementor-widget-heading\" data-id=\"77d9628c\" data-element_type=\"widget\" data-widget_type=\"heading.default\">\n\t\t\t\t<div class=\"elementor-widget-container\">\n\t\t\t\t\t<h2 class=\"elementor-heading-title elementor-size-default\">ESG score.<\/h2>\t\t\t\t<\/div>\n\t\t\t\t<\/div>\n\t\t\t\t<\/div>\n\t\t\t\t\t<\/div>\n\t\t\t\t<\/div>\n\t\t<div class=\"elementor-element elementor-element-ae34ae1 e-flex e-con-boxed e-con e-parent\" data-id=\"ae34ae1\" data-element_type=\"container\">\n\t\t\t\t\t<div class=\"e-con-inner\">\n\t\t\t\t<div class=\"elementor-element elementor-element-2e975571 elementor-widget elementor-widget-text-editor\" data-id=\"2e975571\" data-element_type=\"widget\" data-widget_type=\"text-editor.default\">\n\t\t\t\t<div class=\"elementor-widget-container\">\n\t\t\t\t\t\t\t\t\t<div class=\"impressum\">\n<h2>HIH Invest<\/h2>\nHIH Invest Real Estate GmbH<br>Ericusspitze 1<br>20457 Hamburg<br>\nTel: +49 40 3282-30<br>Fax: +49 40 3282-3260<br><a href=\"https:\/\/web.archive.org\/web\/20240917213710\/mailto:info@hih.de\" target=\"blank\" rel=\"noopener noreferrer\">info@hih.de<\/a>\n<h2>Managing Director<\/h2>\nCarsten Demmler<br>Alexander Eggert<br>Felix Meyen\n<h2>Chairman of the Supervisory Board<\/h2>\nErik Marienfeldt\n<h2>Register court<\/h2>\nCommercial register: Hamburg Local Court HRB no. 82406<br>\nVAT identification no.: DE215858737\n<h2>Supervisory authority<\/h2>\nBundesanstalt f\u00fcr Finanzdienstleistungsaufsicht (BaFin)<br>Securities Supervision \/ Asset Management Sector<br>Office Frankfurt<br>Marie-Curie-Str. 24-28<br>60439 Frankfurt am Main <br><br>\nAll rights reserved. Any reproduction or redistribution in any medium in whole or in part requires the written consent of HIH Invest Real Estate GmbH. \n<h2>Use of image material<\/h2>\nObject pictures by Carsten Br\u00fcgmann and Marc H\u00fcbner<br>Staff photos by Thies R\u00e4tzke Photography and Licht Form Arte, Michaela Kuhn\n<h2>Responsible for content according to \u00a7 18 Abs. 2 MStV <\/h2>\nPhilipp Strau\u00df (Corporate Communications)<br>Ericusspitze 1<br>20457 Hamburg<br><br>\n\nHIH Invest Real Estate is neither willing nor obliged to participate in dispute resolution proceedings before a consumer arbitration board.\n<\/div>\t\t\t\t\t\t\t\t<\/div>\n\t\t\t\t<\/div>\n\t\t\t\t\t<\/div>\n\t\t\t\t<\/div>\n\t\t\t\t<\/div>\n\t\t","protected":false},"excerpt":{"rendered":"<p>Imprint ESG score. HIH Invest HIH Invest Real Estate GmbHEricusspitze 120457 Hamburg Tel: +49 40 3282-30Fax: +49 40 3282-3260info@hih.de Managing [&hellip;]<\/p>\n","protected":false},"author":5,"featured_media":0,"parent":0,"menu_order":0,"comment_status":"closed","ping_status":"closed","template":"","meta":{"_acf_changed":false,"inline_featured_image":false,"site-sidebar-layout":"no-sidebar","site-content-layout":"","ast-site-content-layout":"full-width-container","site-content-style":"default","site-sidebar-style":"default","ast-global-header-display":"","ast-banner-title-visibility":"","ast-main-header-display":"","ast-hfb-above-header-display":"","ast-hfb-below-header-display":"","ast-hfb-mobile-header-display":"","site-post-title":"disabled","ast-breadcrumbs-content":"","ast-featured-img":"disabled","footer-sml-layout":"","ast-disable-related-posts":"","theme-transparent-header-meta":"","adv-header-id-meta":"","stick-header-meta":"","header-above-stick-meta":"","header-main-stick-meta":"","header-below-stick-meta":"","astra-migrate-meta-layouts":"default","ast-page-background-enabled":"default","ast-page-background-meta":{"desktop":{"background-color":"var(--ast-global-color-4)","background-image":"","background-repeat":"repeat","background-position":"center center","background-size":"auto","background-attachment":"scroll","background-type":"","background-media":"","overlay-type":"","overlay-color":"","overlay-opacity":"","overlay-gradient":""},"tablet":{"background-color":"","background-image":"","background-repeat":"repeat","background-position":"center center","background-size":"auto","background-attachment":"scroll","background-type":"","background-media":"","overlay-type":"","overlay-color":"","overlay-opacity":"","overlay-gradient":""},"mobile":{"background-color":"","background-image":"","background-repeat":"repeat","background-position":"center center","background-size":"auto","background-attachment":"scroll","background-type":"","background-media":"","overlay-type":"","overlay-color":"","overlay-opacity":"","overlay-gradient":""}},"ast-content-background-meta":{"desktop":{"background-color":"var(--ast-global-color-5)","background-image":"","background-repeat":"repeat","background-position":"center center","background-size":"auto","background-attachment":"scroll","background-type":"","background-media":"","overlay-type":"","overlay-color":"","overlay-opacity":"","overlay-gradient":""},"tablet":{"background-color":"var(--ast-global-color-5)","background-image":"","background-repeat":"repeat","background-position":"center center","background-size":"auto","background-attachment":"scroll","background-type":"","background-media":"","overlay-type":"","overlay-color":"","overlay-opacity":"","overlay-gradient":""},"mobile":{"background-color":"var(--ast-global-color-5)","background-image":"","background-repeat":"repeat","background-position":"center center","background-size":"auto","background-attachment":"scroll","background-type":"","background-media":"","overlay-type":"","overlay-color":"","overlay-opacity":"","overlay-gradient":""}},"footnotes":""},"class_list":["post-27231","page","type-page","status-publish","hentry"],"acf":[],"_links":{"self":[{"href":"https:\/\/hih-invest.de\/en\/wp-json\/wp\/v2\/pages\/27231","targetHints":{"allow":["GET"]}}],"collection":[{"href":"https:\/\/hih-invest.de\/en\/wp-json\/wp\/v2\/pages"}],"about":[{"href":"https:\/\/hih-invest.de\/en\/wp-json\/wp\/v2\/types\/page"}],"author":[{"embeddable":true,"href":"https:\/\/hih-invest.de\/en\/wp-json\/wp\/v2\/users\/5"}],"replies":[{"embeddable":true,"href":"https:\/\/hih-invest.de\/en\/wp-json\/wp\/v2\/comments?post=27231"}],"version-history":[{"count":1,"href":"https:\/\/hih-invest.de\/en\/wp-json\/wp\/v2\/pages\/27231\/revisions"}],"predecessor-version":[{"id":27232,"href":"https:\/\/hih-invest.de\/en\/wp-json\/wp\/v2\/pages\/27231\/revisions\/27232"}],"wp:attachment":[{"href":"https:\/\/hih-invest.de\/en\/wp-json\/wp\/v2\/media?parent=27231"}],"curies":[{"name":"wp","href":"https:\/\/api.w.org\/{rel}","templated":true}]}}